{"id":15,"date":"2020-03-24T23:07:02","date_gmt":"2020-03-24T22:07:02","guid":{"rendered":"http:\/\/ubezpieczamy.net\/index.php\/mesmerize\/"},"modified":"2023-03-09T15:22:58","modified_gmt":"2023-03-09T14:22:58","slug":"mesmerize","status":"publish","type":"page","link":"https:\/\/ubezpieczamy.net\/","title":{"rendered":"Front Page"},"content":{"rendered":"<div  id=\"overlappable-4\" style=\"background-color: #ffffff;\" data-label=\"Overlappable\" data-id=\"overlappable-4\" data-export-id=\"overlappable-4\" data-category=\"overlappable\" class=\"overlappable-4 content-section content-section-spacing\" data-overlap=\"true\"><div  class=\"gridContainer\"> <div  data-type=\"row\" class=\"row spaced-cols text-center\"><div  class=\"col-xs-12 col-sm-4 col-padding\"> <i  class=\"fa icon shadow-large-black aligncenter color1 fa-area-chart reverse round large\"><\/i> <div  data-type=\"column\" class=\"\"> <h5  class=\"\">DO\u015aWIADCZENIE<\/h5> <p  class=\"\">Dzia\u0142amy na polskim rynku ju\u017c ponad 20 lat. Przez ten czas zawarli\u015bmy tysi\u0105ce polis dostosowanych do naszych klient\u00f3w<\/p><\/div> <\/div> <div  class=\"col-xs-12 col-sm-4 col-padding\"> <i  class=\"fa icon shadow-large-black aligncenter color1 fa-book reverse round large\"><\/i> <div  data-type=\"column\" class=\"\"><h5  class=\"\">WIEDZA<\/h5> <p  class=\"\">Stale podnosimy nasze kwalifikacje poprzez udzia\u0142 w setkach szkole\u0144. Dzi\u0119ki temu jeste\u015bmy w stanie oceni\u0107 jakie produkty zaoferowa\u0107&nbsp;<\/p><\/div> <\/div> <div  class=\"col-xs-12 col-sm-4 col-padding\"> <i  class=\"fa icon shadow-large-black aligncenter color1 fa-black-tie reverse round large\"><\/i> <div  data-type=\"column\" class=\"\"><h5  class=\"\">PROFESJONALIZM<\/h5> <p  class=\"\">Do ka\u017cdej z um\u00f3w podchodzimy indywidualnie, staraj\u0105c si\u0119 dostarczy\u0107 w pe\u0142ni profesjonalny produkt, kt\u00f3ry spe\u0142nia Pa\u0144stwa oczekiwania<\/p><\/div> <\/div><\/div> <\/div><\/div><div  data-label=\"About\" data-id=\"about--1\" data-export-id=\"about-4\" data-category=\"about\" class=\"about-4 content-section content-section-spacing\" id=\"about-2\" style=\"background-color: rgb(245, 250, 253);\"><div  class=\"gridContainer\"> <div  class=\"row middle-sm text-center\"><div  class=\"col-sm-5 space-bottom-xs\" data-type=\"column\"> <h5  class=\"\">OD 20 LAT<\/h5> <h2  class=\"\">PARTNER UBEZPIECZENIA<\/h2> <p  class=\"\">NAJLEPSZA FIRMA NA RYNKU OFERUJ\u0104CA UBEZPIECZENIA MAJ\u0104TKOWE, KOMUNIKACYJNE ORAZ NA \u017bYCIE.<\/p> <a class=\"button color1\" href=\"#\" target=\"_self\" data-cp-link=\"1\" rel=\"noopener noreferrer\">POZNAJ NAS<\/a><\/div> <div  class=\"col-sm-7 flexbox center-xs middle-xs image-group-2-img\"> <img decoding=\"async\"  class=\"img-1 shadow-large\" data-size=\"250x200\" src=\"http:\/\/ubezpieczamy.net\/wp-content\/plugins\/mesmerize-companion\/theme-data\/mesmerize\/sections\/images\/apple-1838564.jpg\"> <img decoding=\"async\"  class=\"img-2 shadow-large\" data-size=\"220x170\" src=\"http:\/\/ubezpieczamy.net\/wp-content\/plugins\/mesmerize-companion\/theme-data\/mesmerize\/sections\/images\/computer-2569652.jpg\"><\/div> <\/div><\/div> <\/div><div  id=\"latest-news-1\" style=\"background-color: #f5fafd;\" data-label=\"Latest-news\" data-id=\"blog-section\" data-export-id=\"blog-section\" data-category=\"latest_news\" class=\"blog-section blog-section-standard content-section content-section-spacing\"><div  class=\"gridContainer\"> <div  class=\"row\"><div  data-type=\"column\" class=\"section-title-col\"> <h2  class=\"\">Nasze publikacje<\/h2> <p  class=\"lead\">Tutaj znajd\u0105 Pa\u0144stwa nasze praktyczne publikacje, kt\u00f3re mamy nadziej\u0119 oka\u017c\u0105 si\u0119 pomocn\u0119 przy wyborze w\u0142a\u015bciwego produktu.<\/p><\/div> <\/div> <div  class=\"row\"> <div  data-type=\"row\" data-dynamic-columns=\"handled\" data-content-shortcode=\"mesmerize_latest_news\">\t\t<div class=\"row center-sm content-left-sm\">\n\t\t\t\t\t<div id=\"post-89\" class=\"col-sm-6 col-md-4 space-bottom space-bottom-xs\">\n\t\t\t\t<div class=\"post-content card y-move bordered\">\n\t\t\t\t\t<div class=\"post-thumbnail\">\n   <a href=\"https:\/\/ubezpieczamy.net\/index.php\/2020\/04\/16\/jakie-auto-wybrac\/\" class=\"post-list-item-thumb \">\n      \n            <svg class=\"mesmerize-post-list-item-thumb-placeholder\" width=\"890\" height=\"580\" viewBox=\"0 0 890 580\"\n         preserveAspectRatio=\"none\">\n         <rect width=\"890\" height=\"580\" style=\"fill:#FF9800;\"><\/rect>\n      <\/svg>\n               <\/a>\n<\/div>\n\t\t\t\t\t<div class=\"col-padding col-padding-xs\">\n\t\t\t\t\t\t<h3 class=\"post-title space-bottom-small\">\n\t\t\t\t\t\t\t<a href=\"https:\/\/ubezpieczamy.net\/index.php\/2020\/04\/16\/jakie-auto-wybrac\/\" rel=\"bookmark\">\n\t\t\t\t\t\t\t\tJakie auto wybra\u0107 ?\t\t\t\t\t\t\t<\/a>\n\t\t\t\t\t\t<\/h3>\n\t\t\t\t\t\t<p>Jakie auto?<\/p>\n\t\t\t\t\t\t<a class=\"read-more link\" href=\"https:\/\/ubezpieczamy.net\/index.php\/2020\/04\/16\/jakie-auto-wybrac\/\">\n\t\t\t\t\t\t\tRead more\t\t\t\t\t\t<\/a>\n\t\t\t\t\t<\/div>\n\t\t\t\t<\/div>\n\t\t\t<\/div>\n\t\t\t\t<\/div>\n\t<\/div><\/div> <div  class=\"row\"><div  class=\"text-center\"> <a  class=\"button color1\" data-attr-shortcode=\"href:mesmerize_blog_link\" href=\"https:\/\/ubezpieczamy.net\/?page_id=16\">SEE ALL BLOG POSTS<\/a><\/div> <\/div><\/div><\/div><div  id=\"contact-1\" data-label=\"Contact\" data-id=\"contact-1\" data-export-id=\"contact-1\" data-category=\"contact\" class=\"contact-1 content-section content-section-spacing white-text\" data-parallax-depth=\"20\"><div  class=\"gridContainer\"> <div  class=\"row text-center\"><div  class=\"section-title-col\" data-type=\"column\"> <h2  class=\"\">KONTAKT<\/h2> <p  class=\"lead\">ZAPRASZAMY DO KONTAKTU W CELU OTRZYMANIA LEPSZEJ I TA\u0143SZEJ OFERTY&nbsp;<\/p><\/div> <\/div> <div  class=\"row text-center\"> <div  class=\"col-xs-12 col-sm-8 col-sm-offset-2 contact-form-wrapper inline-info\"> <div  class=\"card large-padding\"> <div  class=\"\" data-content-shortcode=\"mesmerize_contact_form\" data-editable=\"true\"><p style=\"text-align:center;color:#ababab\">Contact form will be displayed here. To activate it you have to set the \"contact form shortcode\" parameter in Customizer.<\/p><\/div><\/div> <\/div><\/div> <\/div><\/div>","protected":false},"excerpt":{"rendered":"<p>DO\u015aWIADCZENIE Dzia\u0142amy na polskim rynku ju\u017c ponad 20 lat. Przez ten czas zawarli\u015bmy tysi\u0105ce polis dostosowanych do naszych klient\u00f3w WIEDZA Stale podnosimy nasze kwalifikacje poprzez udzia\u0142 w setkach szkole\u0144. Dzi\u0119ki temu jeste\u015bmy w stanie oceni\u0107 jakie produkty zaoferowa\u0107&nbsp; PROFESJONALIZM Do ka\u017cdej z um\u00f3w podchodzimy indywidualnie, staraj\u0105c si\u0119 dostarczy\u0107 w pe\u0142ni profesjonalny produkt, kt\u00f3ry spe\u0142nia Pa\u0144stwa&hellip; <br \/> <a class=\"read-more\" href=\"https:\/\/ubezpieczamy.net\/index.php\/2020\/04\/16\/jakie-auto-wybrac\/\">Czytaj dalej<\/a><\/p>\n","protected":false},"author":1,"featured_media":0,"parent":0,"menu_order":0,"comment_status":"closed","ping_status":"closed","template":"page-templates\/homepage.php","meta":[],"_links":{"self":[{"href":"https:\/\/ubezpieczamy.net\/index.php\/wp-json\/wp\/v2\/pages\/15"}],"collection":[{"href":"https:\/\/ubezpieczamy.net\/index.php\/wp-json\/wp\/v2\/pages"}],"about":[{"href":"https:\/\/ubezpieczamy.net\/index.php\/wp-json\/wp\/v2\/types\/page"}],"author":[{"embeddable":true,"href":"https:\/\/ubezpieczamy.net\/index.php\/wp-json\/wp\/v2\/users\/1"}],"replies":[{"embeddable":true,"href":"https:\/\/ubezpieczamy.net\/index.php\/wp-json\/wp\/v2\/comments?post=15"}],"version-history":[{"count":4,"href":"https:\/\/ubezpieczamy.net\/index.php\/wp-json\/wp\/v2\/pages\/15\/revisions"}],"predecessor-version":[{"id":64,"href":"https:\/\/ubezpieczamy.net\/index.php\/wp-json\/wp\/v2\/pages\/15\/revisions\/64"}],"wp:attachment":[{"href":"https:\/\/ubezpieczamy.net\/index.php\/wp-json\/wp\/v2\/media?parent=15"}],"curies":[{"name":"wp","href":"https:\/\/api.w.org\/{rel}","templated":true}]}}